{"id":12043,"date":"2023-04-26T16:55:37","date_gmt":"2023-04-26T14:55:37","guid":{"rendered":"https:\/\/www.stefan-hefele.de\/?post_type=product&#038;p=12043"},"modified":"2026-02-08T11:55:30","modified_gmt":"2026-02-08T10:55:30","slug":"valley-of-stacks","status":"publish","type":"product","link":"https:\/\/www.stefan-hefele.de\/de\/product\/valley-of-stacks\/","title":{"rendered":"Valley of Stacks"},"content":{"rendered":"<p>Die exotischen Inseln der Kap Verden sind ein zu Afrika geh\u00f6render Inselstaat. Gerade auf der Insel Santo Antao kann der Kontrast aus trockenen T\u00e4lern im S\u00fcden und fruchtbaren, gr\u00fcnen T\u00e4lern im Norden von den hohen, oft von Nebel umrankten Bergen beobachtet werden.<\/p>\n","protected":false},"excerpt":{"rendered":"<p>Die exotischen Inseln der Kap Verden sind ein zu Afrika geh\u00f6render Inselstaat. Gerade auf der Insel Santo Antao kann der Kontrast aus trockenen T\u00e4lern im S\u00fcden und fruchtbaren, gr\u00fcnen T\u00e4lern im Norden von den hohen, oft von Nebel umrankten Bergen beobachtet werden.<\/p>\n","protected":false},"featured_media":11670,"comment_status":"closed","ping_status":"open","template":"","meta":{"_acf_changed":false,"iawp_total_views":3},"product_cat":[62,192,65],"product_tag":[],"acf":[],"yoast_head":"<!-- This site is optimized with the Yoast SEO plugin v24.5 - https:\/\/yoast.com\/wordpress\/plugins\/seo\/ -->\n<title>Valley of Stacks - Landschaftsbild kaufen - Stefan Hefele Fotografie<\/title>\n<meta name=\"description\" content=\"Landschaftsbild mit dem Motiv &quot;Valley of Stacks&quot; kaufen. Erh\u00e4ltlich als Premiumdruck mit Acrylglas oder Alu-Dibond. Kostenloser Art-Security Versand in Deutschland.\" \/>\n<meta name=\"robots\" content=\"index, follow, max-snippet:-1, max-image-preview:large, max-video-preview:-1\" \/>\n<link rel=\"canonical\" href=\"https:\/\/www.stefan-hefele.de\/de\/product\/valley-of-stacks\/\" \/>\n<meta property=\"og:locale\" content=\"de_DE\" \/>\n<meta property=\"og:type\" content=\"article\" \/>\n<meta property=\"og:title\" content=\"Valley of Stacks - Landschaftsbild kaufen - Stefan Hefele Fotografie\" \/>\n<meta property=\"og:description\" content=\"Landschaftsbild mit dem Motiv &quot;Valley of Stacks&quot; kaufen. Erh\u00e4ltlich als Premiumdruck mit Acrylglas oder Alu-Dibond. Kostenloser Art-Security Versand in Deutschland.\" \/>\n<meta property=\"og:url\" content=\"https:\/\/www.stefan-hefele.de\/de\/product\/valley-of-stacks\/\" \/>\n<meta property=\"og:site_name\" content=\"Stefan Hefele Fotografie\" \/>\n<meta property=\"article:publisher\" content=\"https:\/\/www.facebook.com\/StefanHefelePhotography\/\" \/>\n<meta property=\"article:modified_time\" content=\"2026-02-08T10:55:30+00:00\" \/>\n<meta property=\"og:image\" content=\"https:\/\/www.stefan-hefele.de\/wp-content\/uploads\/2023\/04\/01_279.jpg\" \/>\n\t<meta property=\"og:image:width\" content=\"800\" \/>\n\t<meta property=\"og:image:height\" content=\"1200\" \/>\n\t<meta property=\"og:image:type\" content=\"image\/jpeg\" \/>\n<meta name=\"twitter:card\" content=\"summary_large_image\" \/>\n<script type=\"application\/ld+json\" class=\"yoast-schema-graph\">{\"@context\":\"https:\/\/schema.org\",\"@graph\":[{\"@type\":\"WebPage\",\"@id\":\"https:\/\/www.stefan-hefele.de\/product\/valley-of-stacks\/\",\"url\":\"https:\/\/www.stefan-hefele.de\/product\/valley-of-stacks\/\",\"name\":\"Valley of Stacks - Landschaftsbild kaufen - Stefan Hefele Fotografie\",\"isPartOf\":{\"@id\":\"https:\/\/www.stefan-hefele.de\/de\/#website\"},\"primaryImageOfPage\":{\"@id\":\"https:\/\/www.stefan-hefele.de\/product\/valley-of-stacks\/#primaryimage\"},\"image\":{\"@id\":\"https:\/\/www.stefan-hefele.de\/product\/valley-of-stacks\/#primaryimage\"},\"thumbnailUrl\":\"https:\/\/www.stefan-hefele.de\/wp-content\/uploads\/2023\/04\/01_279.jpg\",\"datePublished\":\"2023-04-26T14:55:37+00:00\",\"dateModified\":\"2026-02-08T10:55:30+00:00\",\"description\":\"Landschaftsbild mit dem Motiv \\\"Valley of Stacks\\\" kaufen. Erh\u00e4ltlich als Premiumdruck mit Acrylglas oder Alu-Dibond. Kostenloser Art-Security Versand in Deutschland.\",\"breadcrumb\":{\"@id\":\"https:\/\/www.stefan-hefele.de\/product\/valley-of-stacks\/#breadcrumb\"},\"inLanguage\":\"de\",\"potentialAction\":[{\"@type\":\"ReadAction\",\"target\":[\"https:\/\/www.stefan-hefele.de\/product\/valley-of-stacks\/\"]}]},{\"@type\":\"ImageObject\",\"inLanguage\":\"de\",\"@id\":\"https:\/\/www.stefan-hefele.de\/product\/valley-of-stacks\/#primaryimage\",\"url\":\"https:\/\/www.stefan-hefele.de\/wp-content\/uploads\/2023\/04\/01_279.jpg\",\"contentUrl\":\"https:\/\/www.stefan-hefele.de\/wp-content\/uploads\/2023\/04\/01_279.jpg\",\"width\":800,\"height\":1200,\"caption\":\"Epischer Blick in den Bergen von Santo Antao \/ Kap Verde - Afrika, von Forquinha in Richtung Cha de Morte zum farbenfrohen Sonnenuntergang\"},{\"@type\":\"BreadcrumbList\",\"@id\":\"https:\/\/www.stefan-hefele.de\/product\/valley-of-stacks\/#breadcrumb\",\"itemListElement\":[{\"@type\":\"ListItem\",\"position\":1,\"name\":\"Home\",\"item\":\"https:\/\/www.stefan-hefele.de\/de\/\"},{\"@type\":\"ListItem\",\"position\":2,\"name\":\"Privat: Shop\",\"item\":\"https:\/\/www.stefan-hefele.de\/de\/?page_id=5110\"},{\"@type\":\"ListItem\",\"position\":3,\"name\":\"Valley of Stacks\"}]},{\"@type\":\"WebSite\",\"@id\":\"https:\/\/www.stefan-hefele.de\/de\/#website\",\"url\":\"https:\/\/www.stefan-hefele.de\/de\/\",\"name\":\"Stefan Hefele Fotografie\",\"description\":\"Landschaftsfotografie\",\"publisher\":{\"@id\":\"https:\/\/www.stefan-hefele.de\/de\/#organization\"},\"potentialAction\":[{\"@type\":\"SearchAction\",\"target\":{\"@type\":\"EntryPoint\",\"urlTemplate\":\"https:\/\/www.stefan-hefele.de\/de\/?s={search_term_string}\"},\"query-input\":{\"@type\":\"PropertyValueSpecification\",\"valueRequired\":true,\"valueName\":\"search_term_string\"}}],\"inLanguage\":\"de\"},{\"@type\":\"Organization\",\"@id\":\"https:\/\/www.stefan-hefele.de\/de\/#organization\",\"name\":\"Stefan Hefele Fotografie\",\"url\":\"https:\/\/www.stefan-hefele.de\/de\/\",\"logo\":{\"@type\":\"ImageObject\",\"inLanguage\":\"de\",\"@id\":\"https:\/\/www.stefan-hefele.de\/de\/#\/schema\/logo\/image\/\",\"url\":\"https:\/\/www.stefan-hefele.de\/wp-content\/uploads\/2021\/05\/logo-grau.png\",\"contentUrl\":\"https:\/\/www.stefan-hefele.de\/wp-content\/uploads\/2021\/05\/logo-grau.png\",\"width\":250,\"height\":100,\"caption\":\"Stefan Hefele Fotografie\"},\"image\":{\"@id\":\"https:\/\/www.stefan-hefele.de\/de\/#\/schema\/logo\/image\/\"},\"sameAs\":[\"https:\/\/www.facebook.com\/StefanHefelePhotography\/\",\"https:\/\/www.instagram.com\/stefanhefele\/\"]}]}<\/script>\n<!-- \/ Yoast SEO plugin. -->","yoast_head_json":{"title":"Valley of Stacks - Landschaftsbild kaufen - Stefan Hefele Fotografie","description":"Landschaftsbild mit dem Motiv \"Valley of Stacks\" kaufen. Erh\u00e4ltlich als Premiumdruck mit Acrylglas oder Alu-Dibond. Kostenloser Art-Security Versand in Deutschland.","robots":{"index":"index","follow":"follow","max-snippet":"max-snippet:-1","max-image-preview":"max-image-preview:large","max-video-preview":"max-video-preview:-1"},"canonical":"https:\/\/www.stefan-hefele.de\/de\/product\/valley-of-stacks\/","og_locale":"de_DE","og_type":"article","og_title":"Valley of Stacks - Landschaftsbild kaufen - Stefan Hefele Fotografie","og_description":"Landschaftsbild mit dem Motiv \"Valley of Stacks\" kaufen. Erh\u00e4ltlich als Premiumdruck mit Acrylglas oder Alu-Dibond. Kostenloser Art-Security Versand in Deutschland.","og_url":"https:\/\/www.stefan-hefele.de\/de\/product\/valley-of-stacks\/","og_site_name":"Stefan Hefele Fotografie","article_publisher":"https:\/\/www.facebook.com\/StefanHefelePhotography\/","article_modified_time":"2026-02-08T10:55:30+00:00","og_image":[{"width":800,"height":1200,"url":"https:\/\/www.stefan-hefele.de\/wp-content\/uploads\/2023\/04\/01_279.jpg","type":"image\/jpeg"}],"twitter_card":"summary_large_image","schema":{"@context":"https:\/\/schema.org","@graph":[{"@type":"WebPage","@id":"https:\/\/www.stefan-hefele.de\/product\/valley-of-stacks\/","url":"https:\/\/www.stefan-hefele.de\/product\/valley-of-stacks\/","name":"Valley of Stacks - Landschaftsbild kaufen - Stefan Hefele Fotografie","isPartOf":{"@id":"https:\/\/www.stefan-hefele.de\/de\/#website"},"primaryImageOfPage":{"@id":"https:\/\/www.stefan-hefele.de\/product\/valley-of-stacks\/#primaryimage"},"image":{"@id":"https:\/\/www.stefan-hefele.de\/product\/valley-of-stacks\/#primaryimage"},"thumbnailUrl":"https:\/\/www.stefan-hefele.de\/wp-content\/uploads\/2023\/04\/01_279.jpg","datePublished":"2023-04-26T14:55:37+00:00","dateModified":"2026-02-08T10:55:30+00:00","description":"Landschaftsbild mit dem Motiv \"Valley of Stacks\" kaufen. Erh\u00e4ltlich als Premiumdruck mit Acrylglas oder Alu-Dibond. Kostenloser Art-Security Versand in Deutschland.","breadcrumb":{"@id":"https:\/\/www.stefan-hefele.de\/product\/valley-of-stacks\/#breadcrumb"},"inLanguage":"de","potentialAction":[{"@type":"ReadAction","target":["https:\/\/www.stefan-hefele.de\/product\/valley-of-stacks\/"]}]},{"@type":"ImageObject","inLanguage":"de","@id":"https:\/\/www.stefan-hefele.de\/product\/valley-of-stacks\/#primaryimage","url":"https:\/\/www.stefan-hefele.de\/wp-content\/uploads\/2023\/04\/01_279.jpg","contentUrl":"https:\/\/www.stefan-hefele.de\/wp-content\/uploads\/2023\/04\/01_279.jpg","width":800,"height":1200,"caption":"Epischer Blick in den Bergen von Santo Antao \/ Kap Verde - Afrika, von Forquinha in Richtung Cha de Morte zum farbenfrohen Sonnenuntergang"},{"@type":"BreadcrumbList","@id":"https:\/\/www.stefan-hefele.de\/product\/valley-of-stacks\/#breadcrumb","itemListElement":[{"@type":"ListItem","position":1,"name":"Home","item":"https:\/\/www.stefan-hefele.de\/de\/"},{"@type":"ListItem","position":2,"name":"Privat: Shop","item":"https:\/\/www.stefan-hefele.de\/de\/?page_id=5110"},{"@type":"ListItem","position":3,"name":"Valley of Stacks"}]},{"@type":"WebSite","@id":"https:\/\/www.stefan-hefele.de\/de\/#website","url":"https:\/\/www.stefan-hefele.de\/de\/","name":"Stefan Hefele Fotografie","description":"Landschaftsfotografie","publisher":{"@id":"https:\/\/www.stefan-hefele.de\/de\/#organization"},"potentialAction":[{"@type":"SearchAction","target":{"@type":"EntryPoint","urlTemplate":"https:\/\/www.stefan-hefele.de\/de\/?s={search_term_string}"},"query-input":{"@type":"PropertyValueSpecification","valueRequired":true,"valueName":"search_term_string"}}],"inLanguage":"de"},{"@type":"Organization","@id":"https:\/\/www.stefan-hefele.de\/de\/#organization","name":"Stefan Hefele Fotografie","url":"https:\/\/www.stefan-hefele.de\/de\/","logo":{"@type":"ImageObject","inLanguage":"de","@id":"https:\/\/www.stefan-hefele.de\/de\/#\/schema\/logo\/image\/","url":"https:\/\/www.stefan-hefele.de\/wp-content\/uploads\/2021\/05\/logo-grau.png","contentUrl":"https:\/\/www.stefan-hefele.de\/wp-content\/uploads\/2021\/05\/logo-grau.png","width":250,"height":100,"caption":"Stefan Hefele Fotografie"},"image":{"@id":"https:\/\/www.stefan-hefele.de\/de\/#\/schema\/logo\/image\/"},"sameAs":["https:\/\/www.facebook.com\/StefanHefelePhotography\/","https:\/\/www.instagram.com\/stefanhefele\/"]}]}},"_links":{"self":[{"href":"https:\/\/www.stefan-hefele.de\/de\/wp-json\/wp\/v2\/product\/12043"}],"collection":[{"href":"https:\/\/www.stefan-hefele.de\/de\/wp-json\/wp\/v2\/product"}],"about":[{"href":"https:\/\/www.stefan-hefele.de\/de\/wp-json\/wp\/v2\/types\/product"}],"replies":[{"embeddable":true,"href":"https:\/\/www.stefan-hefele.de\/de\/wp-json\/wp\/v2\/comments?post=12043"}],"wp:featuredmedia":[{"embeddable":true,"href":"https:\/\/www.stefan-hefele.de\/de\/wp-json\/wp\/v2\/media\/11670"}],"wp:attachment":[{"href":"https:\/\/www.stefan-hefele.de\/de\/wp-json\/wp\/v2\/media?parent=12043"}],"wp:term":[{"taxonomy":"product_cat","embeddable":true,"href":"https:\/\/www.stefan-hefele.de\/de\/wp-json\/wp\/v2\/product_cat?post=12043"},{"taxonomy":"product_tag","embeddable":true,"href":"https:\/\/www.stefan-hefele.de\/de\/wp-json\/wp\/v2\/product_tag?post=12043"}],"curies":[{"name":"wp","href":"https:\/\/api.w.org\/{rel}","templated":true}]}}