{"id":6632,"date":"2021-02-10T13:21:07","date_gmt":"2021-02-10T12:21:07","guid":{"rendered":"https:\/\/www.stefan-hefele.de\/de\/product\/glanzvolles-hamburg\/"},"modified":"2026-02-08T11:48:16","modified_gmt":"2026-02-08T10:48:16","slug":"glanzvolles-hamburg","status":"publish","type":"product","link":"https:\/\/www.stefan-hefele.de\/de\/product\/glanzvolles-hamburg\/","title":{"rendered":"Glanzvolles Hamburg"},"content":{"rendered":"<p>\u0084Moin!\u0093 Das ist Hamburg. Die lebensfrohe Stadt mit ihrer sympathisch k\u00fchlen norddeutschen Art. Dort treffen moderne Bauten auf historische Backsteinh\u00e4user. Salz in der Luft, Elbwasser allgegenw\u00e4rtig ist Sie nicht nur eine Stadt f\u00fcr Seem\u00e4nner, sondern hat potential zur Lieblingsstadt.<\/p>\n","protected":false},"excerpt":{"rendered":"<p>\u0084Moin!\u0093 Das ist Hamburg. Die lebensfrohe Stadt mit ihrer sympathisch k\u00fchlen norddeutschen Art. Dort treffen moderne Bauten auf historische Backsteinh\u00e4user. Salz in der Luft, Elbwasser allgegenw\u00e4rtig ist Sie nicht nur eine Stadt f\u00fcr Seem\u00e4nner, sondern hat potential zur Lieblingsstadt.<\/p>\n","protected":false},"featured_media":5541,"comment_status":"closed","ping_status":"open","template":"","meta":{"_acf_changed":false,"iawp_total_views":6},"product_cat":[135,81],"product_tag":[],"acf":[],"yoast_head":"<!-- This site is optimized with the Yoast SEO plugin v24.5 - https:\/\/yoast.com\/wordpress\/plugins\/seo\/ -->\n<title>Glanzvolles Hamburg - Landschaftsbild kaufen - Stefan Hefele Fotografie<\/title>\n<meta name=\"description\" content=\"Landschaftsbild mit dem Motiv &quot;Glanzvolles Hamburg&quot; kaufen. Erh\u00e4ltlich als Premiumdruck mit Acrylglas oder Alu-Dibond. Kostenloser Art-Security Versand in Deutschland.\" \/>\n<meta name=\"robots\" content=\"index, follow, max-snippet:-1, max-image-preview:large, max-video-preview:-1\" \/>\n<link rel=\"canonical\" href=\"https:\/\/www.stefan-hefele.de\/de\/product\/glanzvolles-hamburg\/\" \/>\n<meta property=\"og:locale\" content=\"de_DE\" \/>\n<meta property=\"og:type\" content=\"article\" \/>\n<meta property=\"og:title\" content=\"Glanzvolles Hamburg - Landschaftsbild kaufen - Stefan Hefele Fotografie\" \/>\n<meta property=\"og:description\" content=\"Landschaftsbild mit dem Motiv &quot;Glanzvolles Hamburg&quot; kaufen. Erh\u00e4ltlich als Premiumdruck mit Acrylglas oder Alu-Dibond. Kostenloser Art-Security Versand in Deutschland.\" \/>\n<meta property=\"og:url\" content=\"https:\/\/www.stefan-hefele.de\/de\/product\/glanzvolles-hamburg\/\" \/>\n<meta property=\"og:site_name\" content=\"Stefan Hefele Fotografie\" \/>\n<meta property=\"article:publisher\" content=\"https:\/\/www.facebook.com\/StefanHefelePhotography\/\" \/>\n<meta property=\"article:modified_time\" content=\"2026-02-08T10:48:16+00:00\" \/>\n<meta property=\"og:image\" content=\"https:\/\/www.stefan-hefele.de\/wp-content\/uploads\/2021\/02\/01_068.png\" \/>\n\t<meta property=\"og:image:width\" content=\"1200\" \/>\n\t<meta property=\"og:image:height\" content=\"800\" \/>\n\t<meta property=\"og:image:type\" content=\"image\/png\" \/>\n<meta name=\"twitter:card\" content=\"summary_large_image\" \/>\n<script type=\"application\/ld+json\" class=\"yoast-schema-graph\">{\"@context\":\"https:\/\/schema.org\",\"@graph\":[{\"@type\":\"WebPage\",\"@id\":\"https:\/\/www.stefan-hefele.de\/en\/product\/glanzvolles-hamburg\/\",\"url\":\"https:\/\/www.stefan-hefele.de\/en\/product\/glanzvolles-hamburg\/\",\"name\":\"Glanzvolles Hamburg - Landschaftsbild kaufen - Stefan Hefele Fotografie\",\"isPartOf\":{\"@id\":\"https:\/\/www.stefan-hefele.de\/de\/#website\"},\"primaryImageOfPage\":{\"@id\":\"https:\/\/www.stefan-hefele.de\/en\/product\/glanzvolles-hamburg\/#primaryimage\"},\"image\":{\"@id\":\"https:\/\/www.stefan-hefele.de\/en\/product\/glanzvolles-hamburg\/#primaryimage\"},\"thumbnailUrl\":\"https:\/\/www.stefan-hefele.de\/wp-content\/uploads\/2021\/02\/01_068.png\",\"datePublished\":\"2021-02-10T12:21:07+00:00\",\"dateModified\":\"2026-02-08T10:48:16+00:00\",\"description\":\"Landschaftsbild mit dem Motiv \\\"Glanzvolles Hamburg\\\" kaufen. Erh\u00e4ltlich als Premiumdruck mit Acrylglas oder Alu-Dibond. Kostenloser Art-Security Versand in Deutschland.\",\"breadcrumb\":{\"@id\":\"https:\/\/www.stefan-hefele.de\/en\/product\/glanzvolles-hamburg\/#breadcrumb\"},\"inLanguage\":\"de\",\"potentialAction\":[{\"@type\":\"ReadAction\",\"target\":[\"https:\/\/www.stefan-hefele.de\/en\/product\/glanzvolles-hamburg\/\"]}]},{\"@type\":\"ImageObject\",\"inLanguage\":\"de\",\"@id\":\"https:\/\/www.stefan-hefele.de\/en\/product\/glanzvolles-hamburg\/#primaryimage\",\"url\":\"https:\/\/www.stefan-hefele.de\/wp-content\/uploads\/2021\/02\/01_068.png\",\"contentUrl\":\"https:\/\/www.stefan-hefele.de\/wp-content\/uploads\/2021\/02\/01_068.png\",\"width\":1200,\"height\":800},{\"@type\":\"BreadcrumbList\",\"@id\":\"https:\/\/www.stefan-hefele.de\/en\/product\/glanzvolles-hamburg\/#breadcrumb\",\"itemListElement\":[{\"@type\":\"ListItem\",\"position\":1,\"name\":\"Home\",\"item\":\"https:\/\/www.stefan-hefele.de\/de\/\"},{\"@type\":\"ListItem\",\"position\":2,\"name\":\"Privat: Shop\",\"item\":\"https:\/\/www.stefan-hefele.de\/de\/?page_id=5110\"},{\"@type\":\"ListItem\",\"position\":3,\"name\":\"Glanzvolles Hamburg\"}]},{\"@type\":\"WebSite\",\"@id\":\"https:\/\/www.stefan-hefele.de\/de\/#website\",\"url\":\"https:\/\/www.stefan-hefele.de\/de\/\",\"name\":\"Stefan Hefele Fotografie\",\"description\":\"Landschaftsfotografie\",\"publisher\":{\"@id\":\"https:\/\/www.stefan-hefele.de\/de\/#organization\"},\"potentialAction\":[{\"@type\":\"SearchAction\",\"target\":{\"@type\":\"EntryPoint\",\"urlTemplate\":\"https:\/\/www.stefan-hefele.de\/de\/?s={search_term_string}\"},\"query-input\":{\"@type\":\"PropertyValueSpecification\",\"valueRequired\":true,\"valueName\":\"search_term_string\"}}],\"inLanguage\":\"de\"},{\"@type\":\"Organization\",\"@id\":\"https:\/\/www.stefan-hefele.de\/de\/#organization\",\"name\":\"Stefan Hefele Fotografie\",\"url\":\"https:\/\/www.stefan-hefele.de\/de\/\",\"logo\":{\"@type\":\"ImageObject\",\"inLanguage\":\"de\",\"@id\":\"https:\/\/www.stefan-hefele.de\/de\/#\/schema\/logo\/image\/\",\"url\":\"https:\/\/www.stefan-hefele.de\/wp-content\/uploads\/2021\/05\/logo-grau.png\",\"contentUrl\":\"https:\/\/www.stefan-hefele.de\/wp-content\/uploads\/2021\/05\/logo-grau.png\",\"width\":250,\"height\":100,\"caption\":\"Stefan Hefele Fotografie\"},\"image\":{\"@id\":\"https:\/\/www.stefan-hefele.de\/de\/#\/schema\/logo\/image\/\"},\"sameAs\":[\"https:\/\/www.facebook.com\/StefanHefelePhotography\/\",\"https:\/\/www.instagram.com\/stefanhefele\/\"]}]}<\/script>\n<!-- \/ Yoast SEO plugin. -->","yoast_head_json":{"title":"Glanzvolles Hamburg - Landschaftsbild kaufen - Stefan Hefele Fotografie","description":"Landschaftsbild mit dem Motiv \"Glanzvolles Hamburg\" kaufen. Erh\u00e4ltlich als Premiumdruck mit Acrylglas oder Alu-Dibond. Kostenloser Art-Security Versand in Deutschland.","robots":{"index":"index","follow":"follow","max-snippet":"max-snippet:-1","max-image-preview":"max-image-preview:large","max-video-preview":"max-video-preview:-1"},"canonical":"https:\/\/www.stefan-hefele.de\/de\/product\/glanzvolles-hamburg\/","og_locale":"de_DE","og_type":"article","og_title":"Glanzvolles Hamburg - Landschaftsbild kaufen - Stefan Hefele Fotografie","og_description":"Landschaftsbild mit dem Motiv \"Glanzvolles Hamburg\" kaufen. Erh\u00e4ltlich als Premiumdruck mit Acrylglas oder Alu-Dibond. Kostenloser Art-Security Versand in Deutschland.","og_url":"https:\/\/www.stefan-hefele.de\/de\/product\/glanzvolles-hamburg\/","og_site_name":"Stefan Hefele Fotografie","article_publisher":"https:\/\/www.facebook.com\/StefanHefelePhotography\/","article_modified_time":"2026-02-08T10:48:16+00:00","og_image":[{"width":1200,"height":800,"url":"https:\/\/www.stefan-hefele.de\/wp-content\/uploads\/2021\/02\/01_068.png","type":"image\/png"}],"twitter_card":"summary_large_image","schema":{"@context":"https:\/\/schema.org","@graph":[{"@type":"WebPage","@id":"https:\/\/www.stefan-hefele.de\/en\/product\/glanzvolles-hamburg\/","url":"https:\/\/www.stefan-hefele.de\/en\/product\/glanzvolles-hamburg\/","name":"Glanzvolles Hamburg - Landschaftsbild kaufen - Stefan Hefele Fotografie","isPartOf":{"@id":"https:\/\/www.stefan-hefele.de\/de\/#website"},"primaryImageOfPage":{"@id":"https:\/\/www.stefan-hefele.de\/en\/product\/glanzvolles-hamburg\/#primaryimage"},"image":{"@id":"https:\/\/www.stefan-hefele.de\/en\/product\/glanzvolles-hamburg\/#primaryimage"},"thumbnailUrl":"https:\/\/www.stefan-hefele.de\/wp-content\/uploads\/2021\/02\/01_068.png","datePublished":"2021-02-10T12:21:07+00:00","dateModified":"2026-02-08T10:48:16+00:00","description":"Landschaftsbild mit dem Motiv \"Glanzvolles Hamburg\" kaufen. Erh\u00e4ltlich als Premiumdruck mit Acrylglas oder Alu-Dibond. Kostenloser Art-Security Versand in Deutschland.","breadcrumb":{"@id":"https:\/\/www.stefan-hefele.de\/en\/product\/glanzvolles-hamburg\/#breadcrumb"},"inLanguage":"de","potentialAction":[{"@type":"ReadAction","target":["https:\/\/www.stefan-hefele.de\/en\/product\/glanzvolles-hamburg\/"]}]},{"@type":"ImageObject","inLanguage":"de","@id":"https:\/\/www.stefan-hefele.de\/en\/product\/glanzvolles-hamburg\/#primaryimage","url":"https:\/\/www.stefan-hefele.de\/wp-content\/uploads\/2021\/02\/01_068.png","contentUrl":"https:\/\/www.stefan-hefele.de\/wp-content\/uploads\/2021\/02\/01_068.png","width":1200,"height":800},{"@type":"BreadcrumbList","@id":"https:\/\/www.stefan-hefele.de\/en\/product\/glanzvolles-hamburg\/#breadcrumb","itemListElement":[{"@type":"ListItem","position":1,"name":"Home","item":"https:\/\/www.stefan-hefele.de\/de\/"},{"@type":"ListItem","position":2,"name":"Privat: Shop","item":"https:\/\/www.stefan-hefele.de\/de\/?page_id=5110"},{"@type":"ListItem","position":3,"name":"Glanzvolles Hamburg"}]},{"@type":"WebSite","@id":"https:\/\/www.stefan-hefele.de\/de\/#website","url":"https:\/\/www.stefan-hefele.de\/de\/","name":"Stefan Hefele Fotografie","description":"Landschaftsfotografie","publisher":{"@id":"https:\/\/www.stefan-hefele.de\/de\/#organization"},"potentialAction":[{"@type":"SearchAction","target":{"@type":"EntryPoint","urlTemplate":"https:\/\/www.stefan-hefele.de\/de\/?s={search_term_string}"},"query-input":{"@type":"PropertyValueSpecification","valueRequired":true,"valueName":"search_term_string"}}],"inLanguage":"de"},{"@type":"Organization","@id":"https:\/\/www.stefan-hefele.de\/de\/#organization","name":"Stefan Hefele Fotografie","url":"https:\/\/www.stefan-hefele.de\/de\/","logo":{"@type":"ImageObject","inLanguage":"de","@id":"https:\/\/www.stefan-hefele.de\/de\/#\/schema\/logo\/image\/","url":"https:\/\/www.stefan-hefele.de\/wp-content\/uploads\/2021\/05\/logo-grau.png","contentUrl":"https:\/\/www.stefan-hefele.de\/wp-content\/uploads\/2021\/05\/logo-grau.png","width":250,"height":100,"caption":"Stefan Hefele Fotografie"},"image":{"@id":"https:\/\/www.stefan-hefele.de\/de\/#\/schema\/logo\/image\/"},"sameAs":["https:\/\/www.facebook.com\/StefanHefelePhotography\/","https:\/\/www.instagram.com\/stefanhefele\/"]}]}},"_links":{"self":[{"href":"https:\/\/www.stefan-hefele.de\/de\/wp-json\/wp\/v2\/product\/6632"}],"collection":[{"href":"https:\/\/www.stefan-hefele.de\/de\/wp-json\/wp\/v2\/product"}],"about":[{"href":"https:\/\/www.stefan-hefele.de\/de\/wp-json\/wp\/v2\/types\/product"}],"replies":[{"embeddable":true,"href":"https:\/\/www.stefan-hefele.de\/de\/wp-json\/wp\/v2\/comments?post=6632"}],"wp:featuredmedia":[{"embeddable":true,"href":"https:\/\/www.stefan-hefele.de\/de\/wp-json\/wp\/v2\/media\/5541"}],"wp:attachment":[{"href":"https:\/\/www.stefan-hefele.de\/de\/wp-json\/wp\/v2\/media?parent=6632"}],"wp:term":[{"taxonomy":"product_cat","embeddable":true,"href":"https:\/\/www.stefan-hefele.de\/de\/wp-json\/wp\/v2\/product_cat?post=6632"},{"taxonomy":"product_tag","embeddable":true,"href":"https:\/\/www.stefan-hefele.de\/de\/wp-json\/wp\/v2\/product_tag?post=6632"}],"curies":[{"name":"wp","href":"https:\/\/api.w.org\/{rel}","templated":true}]}}