{"id":8425,"date":"2021-02-10T13:24:51","date_gmt":"2021-02-10T12:24:51","guid":{"rendered":"https:\/\/www.stefan-hefele.de\/de\/product\/wasserfall-der-goetter\/"},"modified":"2026-02-08T11:50:13","modified_gmt":"2026-02-08T10:50:13","slug":"wasserfall-der-goetter","status":"publish","type":"product","link":"https:\/\/www.stefan-hefele.de\/en\/product\/wasserfall-der-goetter\/","title":{"rendered":"Waterfall of the gods"},"content":{"rendered":"<p>Hardly any country is more pristine, more raw and more enraptured than Iceland. Everywhere it steams and bubbles. Volcanism can be experienced up close. In contrast, numerous glaciers flank the active volcanoes. The island, which is still young in terms of its geological history, is lined with idyllic waterfalls all around. If you go inland, the so-called highlands, you walk in a desert-like, volcanic landscape, which often can hardly shine more colorful.<\/p>","protected":false},"excerpt":{"rendered":"<p>Kaum ein Land ist urspr\u00fcnglicher, rauer und entr\u00fcckter als Island. \u00dcberall dampft und brodelt es. Der Vulkanismus kann hautnah erlebt werden. Im Kontrast dazu flankieren zahlreiche Gletscher die aktiven Vulkane. Die erdgeschichtlich noch junge Insel wird rundherum von idyllischen Wasserf\u00e4llen ges\u00e4umt. Begibt man sich ins Inland, dem sogenannten Hochland, wandelt man in einer w\u00fcstenartigen, vulkanischen [&hellip;]<\/p>\n","protected":false},"featured_media":5458,"comment_status":"closed","ping_status":"open","template":"","meta":{"_acf_changed":false,"iawp_total_views":0},"product_cat":[110,82],"product_tag":[],"acf":[],"yoast_head":"<!-- This site is optimized with the Yoast SEO plugin v24.5 - https:\/\/yoast.com\/wordpress\/plugins\/seo\/ -->\n<title>Wasserfall der G\u00f6tter - Landschaftsbild kaufen - Stefan Hefele Fotografie<\/title>\n<meta name=\"description\" content=\"Landschaftsbild mit dem Motiv &quot;Wasserfall der G\u00f6tter&quot; kaufen. Erh\u00e4ltlich als Premiumdruck mit Acrylglas oder Alu-Dibond. Kostenloser Art-Security Versand in Deutschland.\" \/>\n<meta name=\"robots\" content=\"index, follow, max-snippet:-1, max-image-preview:large, max-video-preview:-1\" \/>\n<link rel=\"canonical\" href=\"https:\/\/www.stefan-hefele.de\/en\/product\/wasserfall-der-goetter\/\" \/>\n<meta property=\"og:locale\" content=\"en_GB\" \/>\n<meta property=\"og:type\" content=\"article\" \/>\n<meta property=\"og:title\" content=\"Wasserfall der G\u00f6tter - Landschaftsbild kaufen - Stefan Hefele Fotografie\" \/>\n<meta property=\"og:description\" content=\"Landschaftsbild mit dem Motiv &quot;Wasserfall der G\u00f6tter&quot; kaufen. Erh\u00e4ltlich als Premiumdruck mit Acrylglas oder Alu-Dibond. Kostenloser Art-Security Versand in Deutschland.\" \/>\n<meta property=\"og:url\" content=\"https:\/\/www.stefan-hefele.de\/en\/product\/wasserfall-der-goetter\/\" \/>\n<meta property=\"og:site_name\" content=\"Stefan Hefele Fotografie\" \/>\n<meta property=\"article:publisher\" content=\"https:\/\/www.facebook.com\/StefanHefelePhotography\/\" \/>\n<meta property=\"article:modified_time\" content=\"2026-02-08T10:50:13+00:00\" \/>\n<meta property=\"og:image\" content=\"https:\/\/www.stefan-hefele.de\/wp-content\/uploads\/2021\/02\/01_231.png\" \/>\n\t<meta property=\"og:image:width\" content=\"1200\" \/>\n\t<meta property=\"og:image:height\" content=\"800\" \/>\n\t<meta property=\"og:image:type\" content=\"image\/png\" \/>\n<meta name=\"twitter:card\" content=\"summary_large_image\" \/>\n<script type=\"application\/ld+json\" class=\"yoast-schema-graph\">{\"@context\":\"https:\/\/schema.org\",\"@graph\":[{\"@type\":\"WebPage\",\"@id\":\"https:\/\/www.stefan-hefele.de\/de\/product\/wasserfall-der-goetter\/\",\"url\":\"https:\/\/www.stefan-hefele.de\/de\/product\/wasserfall-der-goetter\/\",\"name\":\"Wasserfall der G\u00f6tter - Landschaftsbild kaufen - Stefan Hefele Fotografie\",\"isPartOf\":{\"@id\":\"https:\/\/www.stefan-hefele.de\/de\/#website\"},\"primaryImageOfPage\":{\"@id\":\"https:\/\/www.stefan-hefele.de\/de\/product\/wasserfall-der-goetter\/#primaryimage\"},\"image\":{\"@id\":\"https:\/\/www.stefan-hefele.de\/de\/product\/wasserfall-der-goetter\/#primaryimage\"},\"thumbnailUrl\":\"https:\/\/www.stefan-hefele.de\/wp-content\/uploads\/2021\/02\/01_231.png\",\"datePublished\":\"2021-02-10T12:24:51+00:00\",\"dateModified\":\"2026-02-08T10:50:13+00:00\",\"description\":\"Landschaftsbild mit dem Motiv \\\"Wasserfall der G\u00f6tter\\\" kaufen. Erh\u00e4ltlich als Premiumdruck mit Acrylglas oder Alu-Dibond. Kostenloser Art-Security Versand in Deutschland.\",\"breadcrumb\":{\"@id\":\"https:\/\/www.stefan-hefele.de\/de\/product\/wasserfall-der-goetter\/#breadcrumb\"},\"inLanguage\":\"en-GB\",\"potentialAction\":[{\"@type\":\"ReadAction\",\"target\":[\"https:\/\/www.stefan-hefele.de\/de\/product\/wasserfall-der-goetter\/\"]}]},{\"@type\":\"ImageObject\",\"inLanguage\":\"en-GB\",\"@id\":\"https:\/\/www.stefan-hefele.de\/de\/product\/wasserfall-der-goetter\/#primaryimage\",\"url\":\"https:\/\/www.stefan-hefele.de\/wp-content\/uploads\/2021\/02\/01_231.png\",\"contentUrl\":\"https:\/\/www.stefan-hefele.de\/wp-content\/uploads\/2021\/02\/01_231.png\",\"width\":1200,\"height\":800},{\"@type\":\"BreadcrumbList\",\"@id\":\"https:\/\/www.stefan-hefele.de\/de\/product\/wasserfall-der-goetter\/#breadcrumb\",\"itemListElement\":[{\"@type\":\"ListItem\",\"position\":1,\"name\":\"Home\",\"item\":\"https:\/\/www.stefan-hefele.de\/de\/\"},{\"@type\":\"ListItem\",\"position\":2,\"name\":\"Privat: Shop\",\"item\":\"https:\/\/www.stefan-hefele.de\/de\/?page_id=5110\"},{\"@type\":\"ListItem\",\"position\":3,\"name\":\"Wasserfall der G\u00f6tter\"}]},{\"@type\":\"WebSite\",\"@id\":\"https:\/\/www.stefan-hefele.de\/de\/#website\",\"url\":\"https:\/\/www.stefan-hefele.de\/de\/\",\"name\":\"Stefan Hefele Fotografie\",\"description\":\"Landschaftsfotografie\",\"publisher\":{\"@id\":\"https:\/\/www.stefan-hefele.de\/de\/#organization\"},\"potentialAction\":[{\"@type\":\"SearchAction\",\"target\":{\"@type\":\"EntryPoint\",\"urlTemplate\":\"https:\/\/www.stefan-hefele.de\/de\/?s={search_term_string}\"},\"query-input\":{\"@type\":\"PropertyValueSpecification\",\"valueRequired\":true,\"valueName\":\"search_term_string\"}}],\"inLanguage\":\"en-GB\"},{\"@type\":\"Organization\",\"@id\":\"https:\/\/www.stefan-hefele.de\/de\/#organization\",\"name\":\"Stefan Hefele Fotografie\",\"url\":\"https:\/\/www.stefan-hefele.de\/de\/\",\"logo\":{\"@type\":\"ImageObject\",\"inLanguage\":\"en-GB\",\"@id\":\"https:\/\/www.stefan-hefele.de\/de\/#\/schema\/logo\/image\/\",\"url\":\"https:\/\/www.stefan-hefele.de\/wp-content\/uploads\/2021\/05\/logo-grau.png\",\"contentUrl\":\"https:\/\/www.stefan-hefele.de\/wp-content\/uploads\/2021\/05\/logo-grau.png\",\"width\":250,\"height\":100,\"caption\":\"Stefan Hefele Fotografie\"},\"image\":{\"@id\":\"https:\/\/www.stefan-hefele.de\/de\/#\/schema\/logo\/image\/\"},\"sameAs\":[\"https:\/\/www.facebook.com\/StefanHefelePhotography\/\",\"https:\/\/www.instagram.com\/stefanhefele\/\"]}]}<\/script>\n<!-- \/ Yoast SEO plugin. -->","yoast_head_json":{"title":"Waterfall of the gods - Buy landscape picture - Stefan Hefele photography","description":"Buy Landscape picture with the motif \"Waterfall of the Gods\". Available as premium print with acrylic glass or Alu-Dibond. Free Art-Security shipping in Germany.","robots":{"index":"index","follow":"follow","max-snippet":"max-snippet:-1","max-image-preview":"max-image-preview:large","max-video-preview":"max-video-preview:-1"},"canonical":"https:\/\/www.stefan-hefele.de\/en\/product\/wasserfall-der-goetter\/","og_locale":"en_GB","og_type":"article","og_title":"Wasserfall der G\u00f6tter - Landschaftsbild kaufen - Stefan Hefele Fotografie","og_description":"Landschaftsbild mit dem Motiv \"Wasserfall der G\u00f6tter\" kaufen. Erh\u00e4ltlich als Premiumdruck mit Acrylglas oder Alu-Dibond. Kostenloser Art-Security Versand in Deutschland.","og_url":"https:\/\/www.stefan-hefele.de\/en\/product\/wasserfall-der-goetter\/","og_site_name":"Stefan Hefele Fotografie","article_publisher":"https:\/\/www.facebook.com\/StefanHefelePhotography\/","article_modified_time":"2026-02-08T10:50:13+00:00","og_image":[{"width":1200,"height":800,"url":"https:\/\/www.stefan-hefele.de\/wp-content\/uploads\/2021\/02\/01_231.png","type":"image\/png"}],"twitter_card":"summary_large_image","schema":{"@context":"https:\/\/schema.org","@graph":[{"@type":"WebPage","@id":"https:\/\/www.stefan-hefele.de\/de\/product\/wasserfall-der-goetter\/","url":"https:\/\/www.stefan-hefele.de\/de\/product\/wasserfall-der-goetter\/","name":"Waterfall of the gods - Buy landscape picture - Stefan Hefele photography","isPartOf":{"@id":"https:\/\/www.stefan-hefele.de\/de\/#website"},"primaryImageOfPage":{"@id":"https:\/\/www.stefan-hefele.de\/de\/product\/wasserfall-der-goetter\/#primaryimage"},"image":{"@id":"https:\/\/www.stefan-hefele.de\/de\/product\/wasserfall-der-goetter\/#primaryimage"},"thumbnailUrl":"https:\/\/www.stefan-hefele.de\/wp-content\/uploads\/2021\/02\/01_231.png","datePublished":"2021-02-10T12:24:51+00:00","dateModified":"2026-02-08T10:50:13+00:00","description":"Buy Landscape picture with the motif \"Waterfall of the Gods\". Available as premium print with acrylic glass or Alu-Dibond. Free Art-Security shipping in Germany.","breadcrumb":{"@id":"https:\/\/www.stefan-hefele.de\/de\/product\/wasserfall-der-goetter\/#breadcrumb"},"inLanguage":"en-GB","potentialAction":[{"@type":"ReadAction","target":["https:\/\/www.stefan-hefele.de\/de\/product\/wasserfall-der-goetter\/"]}]},{"@type":"ImageObject","inLanguage":"en-GB","@id":"https:\/\/www.stefan-hefele.de\/de\/product\/wasserfall-der-goetter\/#primaryimage","url":"https:\/\/www.stefan-hefele.de\/wp-content\/uploads\/2021\/02\/01_231.png","contentUrl":"https:\/\/www.stefan-hefele.de\/wp-content\/uploads\/2021\/02\/01_231.png","width":1200,"height":800},{"@type":"BreadcrumbList","@id":"https:\/\/www.stefan-hefele.de\/de\/product\/wasserfall-der-goetter\/#breadcrumb","itemListElement":[{"@type":"ListItem","position":1,"name":"Home","item":"https:\/\/www.stefan-hefele.de\/de\/"},{"@type":"ListItem","position":2,"name":"Privat: Shop","item":"https:\/\/www.stefan-hefele.de\/de\/?page_id=5110"},{"@type":"ListItem","position":3,"name":"Wasserfall der G\u00f6tter"}]},{"@type":"WebSite","@id":"https:\/\/www.stefan-hefele.de\/de\/#website","url":"https:\/\/www.stefan-hefele.de\/de\/","name":"Stefan Hefele Photography","description":"Landscape photography","publisher":{"@id":"https:\/\/www.stefan-hefele.de\/de\/#organization"},"potentialAction":[{"@type":"SearchAction","target":{"@type":"EntryPoint","urlTemplate":"https:\/\/www.stefan-hefele.de\/de\/?s={search_term_string}"},"query-input":{"@type":"PropertyValueSpecification","valueRequired":true,"valueName":"search_term_string"}}],"inLanguage":"en-GB"},{"@type":"Organization","@id":"https:\/\/www.stefan-hefele.de\/de\/#organization","name":"Stefan Hefele Photography","url":"https:\/\/www.stefan-hefele.de\/de\/","logo":{"@type":"ImageObject","inLanguage":"en-GB","@id":"https:\/\/www.stefan-hefele.de\/de\/#\/schema\/logo\/image\/","url":"https:\/\/www.stefan-hefele.de\/wp-content\/uploads\/2021\/05\/logo-grau.png","contentUrl":"https:\/\/www.stefan-hefele.de\/wp-content\/uploads\/2021\/05\/logo-grau.png","width":250,"height":100,"caption":"Stefan Hefele Fotografie"},"image":{"@id":"https:\/\/www.stefan-hefele.de\/de\/#\/schema\/logo\/image\/"},"sameAs":["https:\/\/www.facebook.com\/StefanHefelePhotography\/","https:\/\/www.instagram.com\/stefanhefele\/"]}]}},"_links":{"self":[{"href":"https:\/\/www.stefan-hefele.de\/en\/wp-json\/wp\/v2\/product\/8425"}],"collection":[{"href":"https:\/\/www.stefan-hefele.de\/en\/wp-json\/wp\/v2\/product"}],"about":[{"href":"https:\/\/www.stefan-hefele.de\/en\/wp-json\/wp\/v2\/types\/product"}],"replies":[{"embeddable":true,"href":"https:\/\/www.stefan-hefele.de\/en\/wp-json\/wp\/v2\/comments?post=8425"}],"wp:featuredmedia":[{"embeddable":true,"href":"https:\/\/www.stefan-hefele.de\/en\/wp-json\/wp\/v2\/media\/5458"}],"wp:attachment":[{"href":"https:\/\/www.stefan-hefele.de\/en\/wp-json\/wp\/v2\/media?parent=8425"}],"wp:term":[{"taxonomy":"product_cat","embeddable":true,"href":"https:\/\/www.stefan-hefele.de\/en\/wp-json\/wp\/v2\/product_cat?post=8425"},{"taxonomy":"product_tag","embeddable":true,"href":"https:\/\/www.stefan-hefele.de\/en\/wp-json\/wp\/v2\/product_tag?post=8425"}],"curies":[{"name":"wp","href":"https:\/\/api.w.org\/{rel}","templated":true}]}}